{"id":703,"date":"2023-08-10T17:30:54","date_gmt":"2023-08-10T17:30:54","guid":{"rendered":"http:\/\/www.drdifrancesco.ro\/?page_id=703"},"modified":"2024-07-06T08:22:21","modified_gmt":"2024-07-06T08:22:21","slug":"inainte-dupa","status":"publish","type":"page","link":"https:\/\/www.drdifrancesco.ro\/index.php\/inainte-dupa\/","title":{"rendered":"Inainte &#038; Dupa"},"content":{"rendered":"<p>[et_pb_section fb_built=&#8221;1&#8243; fullwidth=&#8221;on&#8221; _builder_version=&#8221;4.19.1&#8243; _module_preset=&#8221;default&#8221; global_colors_info=&#8221;{}&#8221;][et_pb_fullwidth_header title=&#8221;Inainte &#038; Dupa&#8221; header_fullscreen=&#8221;on&#8221; header_scroll_down=&#8221;on&#8221; scroll_down_icon=&#8221;%%2%%&#8221; button_one_text=&#8221;Programeaza-te&#8221; _builder_version=&#8221;4.19.1&#8243; _module_preset=&#8221;default&#8221; title_font=&#8221;Roboto|300|||||||&#8221; title_font_size=&#8221;80px&#8221; background_enable_color=&#8221;off&#8221; background_image=&#8221;https:\/\/www.drdifrancesco.ro\/wp-content\/uploads\/2023\/07\/artificial-jaw-dentist-s-office-scaled.webp&#8221; custom_button_one=&#8221;on&#8221; button_one_text_color=&#8221;#FFFFFF&#8221; button_one_bg_color=&#8221;#0066CC&#8221; button_one_border_width=&#8221;0px&#8221; button_one_border_radius=&#8221;6px&#8221; button_one_use_icon=&#8221;off&#8221; button_one_custom_padding=&#8221;8px|40px|8px|40px|true|true&#8221; title_font_size_tablet=&#8221;60px&#8221; title_font_size_phone=&#8221;40px&#8221; title_font_size_last_edited=&#8221;on|desktop&#8221; global_colors_info=&#8221;{}&#8221; button_one_bg_color__hover_enabled=&#8221;on|hover&#8221; button_one_bg_color__hover=&#8221;#00C3F5&#8243; button_one_bg_enable_color__hover=&#8221;on&#8221;][\/et_pb_fullwidth_header][et_pb_fullwidth_code _builder_version=&#8221;4.19.1&#8243; _module_preset=&#8221;default&#8221; global_colors_info=&#8221;{}&#8221;]<\/p>\n<style><!-- [et_pb_line_break_holder] -->.header-content-container {<!-- [et_pb_line_break_holder] -->    align-self: flex-end !important;<!-- [et_pb_line_break_holder] -->    margin-bottom: 160px;<!-- [et_pb_line_break_holder] -->  }<!-- [et_pb_line_break_holder] -->  .et_pb_fullwidth_header .et_pb_parallax_css {<!-- [et_pb_line_break_holder] -->    background-position: center !important;<!-- [et_pb_line_break_holder] -->  }<!-- [et_pb_line_break_holder] -->  .scroll-down-container {<!-- [et_pb_line_break_holder] -->    animation: bounce 2s infinite 2s;<!-- [et_pb_line_break_holder] -->    transition: transform .2s ease-in;<!-- [et_pb_line_break_holder] -->  }<!-- [et_pb_line_break_holder] -->  @media only screen and (min-width: 992px){<!-- [et_pb_line_break_holder] -->    .header-content-container {<!-- [et_pb_line_break_holder] -->    margin-bottom: 200px;<!-- [et_pb_line_break_holder] -->  }<!-- [et_pb_line_break_holder] -->  }<!-- [et_pb_line_break_holder] -->  @keyframes bounce {<!-- [et_pb_line_break_holder] -->    0%,100%,20%,50%,80% {<!-- [et_pb_line_break_holder] -->        -webkit-transform: translateY(0);<!-- [et_pb_line_break_holder] -->        -ms-transform: translateY(0);<!-- [et_pb_line_break_holder] -->        transform: translateY(0)<!-- [et_pb_line_break_holder] -->    }<!-- [et_pb_line_break_holder] --><!-- [et_pb_line_break_holder] -->    40% {<!-- [et_pb_line_break_holder] -->        -webkit-transform: translateY(-.5rem);<!-- [et_pb_line_break_holder] -->        -ms-transform: translateY(-.5rem);<!-- [et_pb_line_break_holder] -->        transform: translateY(-.5rem)<!-- [et_pb_line_break_holder] -->    }<!-- [et_pb_line_break_holder] --><!-- [et_pb_line_break_holder] -->    60% {<!-- [et_pb_line_break_holder] -->        -webkit-transform: translateY(-.25rem);<!-- [et_pb_line_break_holder] -->        -ms-transform: translateY(-.25rem);<!-- [et_pb_line_break_holder] -->        transform: translateY(-.25rem)<!-- [et_pb_line_break_holder] -->    }<!-- [et_pb_line_break_holder] -->}<!-- [et_pb_line_break_holder] --><\/style>\n<p>[\/et_pb_fullwidth_code][\/et_pb_section][et_pb_section fb_built=&#8221;1&#8243; _builder_version=&#8221;4.19.1&#8243; _module_preset=&#8221;default&#8221; background_color=&#8221;#000000&#8243; global_colors_info=&#8221;{}&#8221;][et_pb_row _builder_version=&#8221;4.25.0&#8243; _module_preset=&#8221;default&#8221; column_structure=&#8221;1_3,1_3,1_3&#8243; max_width=&#8221;1440px&#8221; hover_enabled=&#8221;0&#8243; sticky_enabled=&#8221;0&#8243;][et_pb_column _builder_version=&#8221;4.25.0&#8243; _module_preset=&#8221;default&#8221; type=&#8221;1_3&#8243; title_text=&#8221;342216305_1278114769456769_4350670202353866891_n&#8221; background_image=&#8221;https:\/\/www.drdifrancesco.ro\/wp-content\/uploads\/2023\/07\/342216305_1278114769456769_4350670202353866891_n.jpg&#8221; hover_enabled=&#8221;0&#8243; sticky_enabled=&#8221;0&#8243;][et_pb_code _builder_version=&#8221;4.25.0&#8243; _module_preset=&#8221;default&#8221; hover_enabled=&#8221;0&#8243; sticky_enabled=&#8221;0&#8243; module_id=&#8221;mainImage&#8221;]<img decoding=\"async\" class=\"primary-image\" src=\"https:\/\/www.drdifrancesco.ro\/wp-content\/uploads\/2023\/07\/342195596_144144005251711_4933695479556168270_n.jpg\" alt=\"DrDiFrancesco\" onClick=\"swapImage1()\"><!-- [et_pb_line_break_holder] --><img decoding=\"async\" class=\"click\" src=\"https:\/\/www.drdifrancesco.ro\/wp-content\/uploads\/2024\/07\/1159670-200.png\"><!-- [et_pb_line_break_holder] --><\/p>\n<style><!-- [et_pb_line_break_holder] -->  .imgsw {<!-- [et_pb_line_break_holder] -->    opacity: 0;<!-- [et_pb_line_break_holder] -->  }<!-- [et_pb_line_break_holder] -->  <!-- [et_pb_line_break_holder] -->  .primary-image {<!-- [et_pb_line_break_holder] -->    position: relative;<!-- [et_pb_line_break_holder] -->    height: 100%;<!-- [et_pb_line_break_holder] -->    display: block;<!-- [et_pb_line_break_holder] -->  \twidth: 100%;<!-- [et_pb_line_break_holder] -->  }<!-- [et_pb_line_break_holder] -->  <!-- [et_pb_line_break_holder] -->  .primary-image:hover {<!-- [et_pb_line_break_holder] -->    cursor: pointer;<!-- [et_pb_line_break_holder] -->  }<!-- [et_pb_line_break_holder] -->  <!-- [et_pb_line_break_holder] -->  .click {<!-- [et_pb_line_break_holder] -->    display: block;<!-- [et_pb_line_break_holder] -->    height: 50px;<!-- [et_pb_line_break_holder] -->    width: 50px;<!-- [et_pb_line_break_holder] -->    position: absolute;<!-- [et_pb_line_break_holder] -->    right: 20px;<!-- [et_pb_line_break_holder] -->      bottom: 20px;<!-- [et_pb_line_break_holder] -->  }<!-- [et_pb_line_break_holder] --><\/style>\n<p><!-- [et_pb_line_break_holder] --><!-- [et_pb_line_break_holder] --><script><!-- [et_pb_line_break_holder] -->\tfunction swapImage1() {<!-- [et_pb_line_break_holder] -->    var element = document.getElementById(\"mainImage\");<!-- [et_pb_line_break_holder] -->    element.classList.toggle(\"imgsw\")<!-- [et_pb_line_break_holder] -->  }<!-- [et_pb_line_break_holder] --><\/script>[\/et_pb_code][\/et_pb_column][et_pb_column _builder_version=&#8221;4.25.0&#8243; _module_preset=&#8221;default&#8221; type=&#8221;1_3&#8243; title_text=&#8221;perfect-smile-with-white-teeth-closeup&#8221; background_image=&#8221;https:\/\/www.drdifrancesco.ro\/wp-content\/uploads\/2023\/07\/perfect-smile-with-white-teeth-closeup-scaled.webp&#8221; hover_enabled=&#8221;0&#8243; sticky_enabled=&#8221;0&#8243;][et_pb_code _builder_version=&#8221;4.25.0&#8243; _module_preset=&#8221;default&#8221; hover_enabled=&#8221;0&#8243; sticky_enabled=&#8221;0&#8243; module_id=&#8221;secondImage&#8221; title_text=&#8221;perfect-smile-with-white-teeth-closeup&#8221; background_enable_image=&#8221;off&#8221;]<img decoding=\"async\" class=\"primary-image\" src=\"https:\/\/www.drdifrancesco.ro\/wp-content\/uploads\/2023\/07\/342195596_144144005251711_4933695479556168270_n.jpg\" alt=\"DrDiFrancesco\" onClick=\"swapImage2()\"><!-- [et_pb_line_break_holder] --><img decoding=\"async\" class=\"click\" src=\"https:\/\/www.drdifrancesco.ro\/wp-content\/uploads\/2024\/07\/1159670-200.png\"><!-- [et_pb_line_break_holder] --><\/p>\n<style><!-- [et_pb_line_break_holder] -->  .imgsw-1 {<!-- [et_pb_line_break_holder] -->    opacity: 0;<!-- [et_pb_line_break_holder] -->  }<!-- [et_pb_line_break_holder] -->  <!-- [et_pb_line_break_holder] -->  .primary-image {<!-- [et_pb_line_break_holder] -->    position: relative;<!-- [et_pb_line_break_holder] -->    height: 100%;<!-- [et_pb_line_break_holder] -->    display: block;<!-- [et_pb_line_break_holder] -->  \twidth: 100%;<!-- [et_pb_line_break_holder] -->  }<!-- [et_pb_line_break_holder] -->  <!-- [et_pb_line_break_holder] -->  .primary-image:hover {<!-- [et_pb_line_break_holder] -->    cursor: pointer;<!-- [et_pb_line_break_holder] -->  }<!-- [et_pb_line_break_holder] -->  <!-- [et_pb_line_break_holder] -->  .click {<!-- [et_pb_line_break_holder] -->    display: block;<!-- [et_pb_line_break_holder] -->    height: 50px;<!-- [et_pb_line_break_holder] -->    width: 50px;<!-- [et_pb_line_break_holder] -->    position: absolute;<!-- [et_pb_line_break_holder] -->    right: 20px;<!-- [et_pb_line_break_holder] -->      bottom: 20px;<!-- [et_pb_line_break_holder] -->  }<!-- [et_pb_line_break_holder] --><\/style>\n<p><!-- [et_pb_line_break_holder] --><!-- [et_pb_line_break_holder] --><script><!-- [et_pb_line_break_holder] -->\tfunction swapImage2() {<!-- [et_pb_line_break_holder] -->    var element = document.getElementById(\"secondImage\");<!-- [et_pb_line_break_holder] -->    element.classList.toggle(\"imgsw-1\")<!-- [et_pb_line_break_holder] -->  }<!-- [et_pb_line_break_holder] --><\/script>[\/et_pb_code][\/et_pb_column][et_pb_column _builder_version=&#8221;4.25.0&#8243; _module_preset=&#8221;default&#8221; type=&#8221;1_3&#8243; title_text=&#8221;341872025_964714364551400_92687928821244559_n&#8221; background_image=&#8221;https:\/\/www.drdifrancesco.ro\/wp-content\/uploads\/2023\/07\/341872025_964714364551400_92687928821244559_n.jpg&#8221; hover_enabled=&#8221;0&#8243; sticky_enabled=&#8221;0&#8243;][et_pb_code _builder_version=&#8221;4.25.0&#8243; _module_preset=&#8221;default&#8221; hover_enabled=&#8221;0&#8243; sticky_enabled=&#8221;0&#8243; module_id=&#8221;thirdImage&#8221; title_text=&#8221;At a dentist with a smile&#8221; background_enable_image=&#8221;off&#8221;]<img decoding=\"async\" class=\"primary-image\" src=\"https:\/\/www.drdifrancesco.ro\/wp-content\/uploads\/2023\/07\/342195596_144144005251711_4933695479556168270_n.jpg\" alt=\"DrDiFrancesco\" onClick=\"swapImage3()\"><!-- [et_pb_line_break_holder] --><img decoding=\"async\" class=\"click\" src=\"https:\/\/www.drdifrancesco.ro\/wp-content\/uploads\/2024\/07\/1159670-200.png\"><!-- [et_pb_line_break_holder] --><\/p>\n<style><!-- [et_pb_line_break_holder] -->  .imgsw-2 {<!-- [et_pb_line_break_holder] -->    opacity: 0;<!-- [et_pb_line_break_holder] -->  }<!-- [et_pb_line_break_holder] -->  <!-- [et_pb_line_break_holder] -->  .primary-image {<!-- [et_pb_line_break_holder] -->    position: relative;<!-- [et_pb_line_break_holder] -->    height: 100%;<!-- [et_pb_line_break_holder] -->    display: block;<!-- [et_pb_line_break_holder] -->  \twidth: 100%;<!-- [et_pb_line_break_holder] -->  }<!-- [et_pb_line_break_holder] -->  <!-- [et_pb_line_break_holder] -->  .primary-image:hover {<!-- [et_pb_line_break_holder] -->    cursor: pointer;<!-- [et_pb_line_break_holder] -->  }<!-- [et_pb_line_break_holder] -->  <!-- [et_pb_line_break_holder] -->  .click {<!-- [et_pb_line_break_holder] -->    display: block;<!-- [et_pb_line_break_holder] -->    height: 50px;<!-- [et_pb_line_break_holder] -->    width: 50px;<!-- [et_pb_line_break_holder] -->    position: absolute;<!-- [et_pb_line_break_holder] -->    right: 20px;<!-- [et_pb_line_break_holder] -->      bottom: 20px;<!-- [et_pb_line_break_holder] -->  }<!-- [et_pb_line_break_holder] --><\/style>\n<p><!-- [et_pb_line_break_holder] --><!-- [et_pb_line_break_holder] --><script><!-- [et_pb_line_break_holder] -->\tfunction swapImage3() {<!-- [et_pb_line_break_holder] -->    var element = document.getElementById(\"thirdImage\");<!-- [et_pb_line_break_holder] -->    element.classList.toggle(\"imgsw-2\")<!-- [et_pb_line_break_holder] -->  }<!-- [et_pb_line_break_holder] --><\/script>[\/et_pb_code][\/et_pb_column][\/et_pb_row][\/et_pb_section][et_pb_section fb_built=&#8221;1&#8243; _builder_version=&#8221;4.19.1&#8243; _module_preset=&#8221;default&#8221; background_color=&#8221;#000000&#8243; global_colors_info=&#8221;{}&#8221;][et_pb_row column_structure=&#8221;1_5,3_5,1_5&#8243; _builder_version=&#8221;4.19.1&#8243; _module_preset=&#8221;default&#8221; max_width=&#8221;1440px&#8221; global_colors_info=&#8221;{}&#8221;][et_pb_column type=&#8221;1_5&#8243; _builder_version=&#8221;4.19.1&#8243; _module_preset=&#8221;default&#8221; global_colors_info=&#8221;{}&#8221;][\/et_pb_column][et_pb_column type=&#8221;3_5&#8243; _builder_version=&#8221;4.19.1&#8243; _module_preset=&#8221;default&#8221; global_colors_info=&#8221;{}&#8221;][et_pb_text _builder_version=&#8221;4.19.1&#8243; _module_preset=&#8221;default&#8221; header_2_font=&#8221;Roboto||||||||&#8221; header_2_font_size=&#8221;40px&#8221; text_orientation=&#8221;center&#8221; header_2_font_size_tablet=&#8221;32px&#8221; header_2_font_size_phone=&#8221;28px&#8221; header_2_font_size_last_edited=&#8221;on|desktop&#8221; global_colors_info=&#8221;{}&#8221;]<\/p>\n<h2>Ob\u021bine o programare rapid!<\/h2>\n<p>\u00cen\u021belegem c\u0103 vizita la dentist poate fi o experien\u021b\u0103 stresant\u0103 pentru mul\u021bi, dar dorim s\u0103 v\u0103 asigur\u0103m c\u0103 suntem aici s\u0103 v\u0103 ascult\u0103m, s\u0103 v\u0103 \u00een\u021belegem nevoile \u0219i s\u0103 v\u0103 ghid\u0103m cu bl\u00e2nde\u021be pe parcursul fiec\u0103rui tratament.<\/p>\n<p>V\u0103 a\u0219tept\u0103m cu drag s\u0103 ne cunoa\u0219tem!<\/p>\n<p>[\/et_pb_text][\/et_pb_column][et_pb_column type=&#8221;1_5&#8243; _builder_version=&#8221;4.19.1&#8243; _module_preset=&#8221;default&#8221; global_colors_info=&#8221;{}&#8221;][\/et_pb_column][\/et_pb_row][et_pb_row _builder_version=&#8221;4.19.1&#8243; _module_preset=&#8221;default&#8221; global_colors_info=&#8221;{}&#8221;][et_pb_column type=&#8221;4_4&#8243; _builder_version=&#8221;4.19.1&#8243; _module_preset=&#8221;default&#8221; global_colors_info=&#8221;{}&#8221;][et_pb_contact_form captcha=&#8221;off&#8221; success_message=&#8221;Iti multumim pentru incredere!&#8221; submit_button_text=&#8221;Trimite&#8221; _builder_version=&#8221;4.19.1&#8243; _module_preset=&#8221;default&#8221; _unique_id=&#8221;2388fe6e-b36a-4666-9d78-ccc7a84ce1fd&#8221; form_field_background_color=&#8221;RGBA(255,255,255,0)&#8221; form_field_text_color=&#8221;#FFFFFF&#8221; form_field_focus_background_color=&#8221;RGBA(255,255,255,0)&#8221; form_field_focus_text_color=&#8221;#FFFFFF&#8221; form_field_custom_padding=&#8221;10px|22px|10px|22px|true|true&#8221; form_field_font=&#8221;Roboto|500|||||||&#8221; form_field_font_size=&#8221;16px&#8221; custom_button=&#8221;on&#8221; button_text_color=&#8221;#FFFFFF&#8221; button_bg_color=&#8221;#0066cc&#8221; button_border_width=&#8221;0px&#8221; button_border_color=&#8221;RGBA(255,255,255,0)&#8221; button_border_radius=&#8221;6px&#8221; button_font=&#8221;Roboto|700|||||||&#8221; button_use_icon=&#8221;off&#8221; button_custom_padding=&#8221;8px|40px|8px|40px|true|true&#8221; custom_margin=&#8221;||||false|false&#8221; button_bg_color_last_edited=&#8221;off|desktop&#8221; border_radii=&#8221;on|6px|6px|6px|6px&#8221; border_width_all=&#8221;1px&#8221; border_color_all=&#8221;#FFFFFF&#8221; global_colors_info=&#8221;{}&#8221; button_bg_color__hover_enabled=&#8221;on|hover&#8221; button_bg_color__hover=&#8221;#00c3f5&#8243; button_bg_enable_color__hover=&#8221;on&#8221;][et_pb_contact_field field_id=&#8221;Nume&#8221; field_title=&#8221;Nume&#8221; allowed_symbols=&#8221;letters&#8221; _builder_version=&#8221;4.19.1&#8243; custom_margin=&#8221;||20px||false|false&#8221; global_colors_info=&#8221;{}&#8221; button_text_size__hover_enabled=&#8221;off&#8221; button_one_text_size__hover_enabled=&#8221;off&#8221; button_two_text_size__hover_enabled=&#8221;off&#8221; button_text_color__hover_enabled=&#8221;off&#8221; button_one_text_color__hover_enabled=&#8221;off&#8221; button_two_text_color__hover_enabled=&#8221;off&#8221; button_border_width__hover_enabled=&#8221;off&#8221; button_one_border_width__hover_enabled=&#8221;off&#8221; button_two_border_width__hover_enabled=&#8221;off&#8221; button_border_color__hover_enabled=&#8221;off&#8221; button_one_border_color__hover_enabled=&#8221;off&#8221; button_two_border_color__hover_enabled=&#8221;off&#8221; button_border_radius__hover_enabled=&#8221;off&#8221; button_one_border_radius__hover_enabled=&#8221;off&#8221; button_two_border_radius__hover_enabled=&#8221;off&#8221; button_letter_spacing__hover_enabled=&#8221;off&#8221; button_one_letter_spacing__hover_enabled=&#8221;off&#8221; button_two_letter_spacing__hover_enabled=&#8221;off&#8221; button_bg_color__hover_enabled=&#8221;off&#8221; button_one_bg_color__hover_enabled=&#8221;off&#8221; button_two_bg_color__hover_enabled=&#8221;off&#8221;][\/et_pb_contact_field][et_pb_contact_field field_id=&#8221;Prenume&#8221; field_title=&#8221;Prenume&#8221; allowed_symbols=&#8221;letters&#8221; _builder_version=&#8221;4.19.1&#8243; _module_preset=&#8221;default&#8221; custom_margin=&#8221;||20px||false|false&#8221; global_colors_info=&#8221;{}&#8221;][\/et_pb_contact_field][et_pb_contact_field field_id=&#8221;Email&#8221; field_title=&#8221;Email Address&#8221; field_type=&#8221;email&#8221; _builder_version=&#8221;4.19.1&#8243; custom_margin=&#8221;||20px||false|false&#8221; global_colors_info=&#8221;{}&#8221; button_text_size__hover_enabled=&#8221;off&#8221; button_one_text_size__hover_enabled=&#8221;off&#8221; button_two_text_size__hover_enabled=&#8221;off&#8221; button_text_color__hover_enabled=&#8221;off&#8221; button_one_text_color__hover_enabled=&#8221;off&#8221; button_two_text_color__hover_enabled=&#8221;off&#8221; button_border_width__hover_enabled=&#8221;off&#8221; button_one_border_width__hover_enabled=&#8221;off&#8221; button_two_border_width__hover_enabled=&#8221;off&#8221; button_border_color__hover_enabled=&#8221;off&#8221; button_one_border_color__hover_enabled=&#8221;off&#8221; button_two_border_color__hover_enabled=&#8221;off&#8221; button_border_radius__hover_enabled=&#8221;off&#8221; button_one_border_radius__hover_enabled=&#8221;off&#8221; button_two_border_radius__hover_enabled=&#8221;off&#8221; button_letter_spacing__hover_enabled=&#8221;off&#8221; button_one_letter_spacing__hover_enabled=&#8221;off&#8221; button_two_letter_spacing__hover_enabled=&#8221;off&#8221; button_bg_color__hover_enabled=&#8221;off&#8221; button_one_bg_color__hover_enabled=&#8221;off&#8221; button_two_bg_color__hover_enabled=&#8221;off&#8221;][\/et_pb_contact_field][et_pb_contact_field field_id=&#8221;Telefon&#8221; field_title=&#8221;Telefon&#8221; allowed_symbols=&#8221;numbers&#8221; _builder_version=&#8221;4.19.1&#8243; _module_preset=&#8221;default&#8221; custom_margin=&#8221;||20px||false|false&#8221; global_colors_info=&#8221;{}&#8221;][\/et_pb_contact_field][et_pb_contact_field field_id=&#8221;Message&#8221; field_title=&#8221;Message&#8221; field_type=&#8221;text&#8221; fullwidth_field=&#8221;on&#8221; _builder_version=&#8221;4.19.1&#8243; custom_margin=&#8221;||20px||false|false&#8221; global_colors_info=&#8221;{}&#8221; button_text_size__hover_enabled=&#8221;off&#8221; button_one_text_size__hover_enabled=&#8221;off&#8221; button_two_text_size__hover_enabled=&#8221;off&#8221; button_text_color__hover_enabled=&#8221;off&#8221; button_one_text_color__hover_enabled=&#8221;off&#8221; button_two_text_color__hover_enabled=&#8221;off&#8221; button_border_width__hover_enabled=&#8221;off&#8221; button_one_border_width__hover_enabled=&#8221;off&#8221; button_two_border_width__hover_enabled=&#8221;off&#8221; button_border_color__hover_enabled=&#8221;off&#8221; button_one_border_color__hover_enabled=&#8221;off&#8221; button_two_border_color__hover_enabled=&#8221;off&#8221; button_border_radius__hover_enabled=&#8221;off&#8221; button_one_border_radius__hover_enabled=&#8221;off&#8221; button_two_border_radius__hover_enabled=&#8221;off&#8221; button_letter_spacing__hover_enabled=&#8221;off&#8221; button_one_letter_spacing__hover_enabled=&#8221;off&#8221; button_two_letter_spacing__hover_enabled=&#8221;off&#8221; button_bg_color__hover_enabled=&#8221;off&#8221; button_one_bg_color__hover_enabled=&#8221;off&#8221; button_two_bg_color__hover_enabled=&#8221;off&#8221;][\/et_pb_contact_field][et_pb_contact_field field_id=&#8221;Checkbox&#8221; field_title=&#8221; &#8221; field_type=&#8221;checkbox&#8221; checkbox_options=&#8221;%91{%22value%22:%22Am fost informat ca, pentru a raspunde solicitarii mele, clinica Dr.DiFrancesco va prelucra datele personale de mai sus conform Politicii de confidentialitate .%22,%22checked%22:0,%22dragID%22:-1}%93&#8243; fullwidth_field=&#8221;on&#8221; _builder_version=&#8221;4.19.1&#8243; _module_preset=&#8221;default&#8221; global_colors_info=&#8221;{}&#8221;][\/et_pb_contact_field][\/et_pb_contact_form][\/et_pb_column][\/et_pb_row][\/et_pb_section]<\/p>\n","protected":false},"excerpt":{"rendered":"<p>Ob\u021bine o programare rapid! \u00cen\u021belegem c\u0103 vizita la dentist poate fi o experien\u021b\u0103 stresant\u0103 pentru mul\u021bi, dar dorim s\u0103 v\u0103 asigur\u0103m c\u0103 suntem aici s\u0103 v\u0103 ascult\u0103m, s\u0103 v\u0103 \u00een\u021belegem nevoile \u0219i s\u0103 v\u0103 ghid\u0103m cu bl\u00e2nde\u021be pe parcursul fiec\u0103rui tratament. V\u0103 a\u0219tept\u0103m cu drag s\u0103 ne cunoa\u0219tem!<\/p>\n","protected":false},"author":1,"featured_media":0,"parent":0,"menu_order":0,"comment_status":"closed","ping_status":"closed","template":"","meta":{"_et_pb_use_builder":"on","_et_pb_old_content":"","_et_gb_content_width":"","footnotes":""},"class_list":["post-703","page","type-page","status-publish","hentry"],"_links":{"self":[{"href":"https:\/\/www.drdifrancesco.ro\/index.php\/wp-json\/wp\/v2\/pages\/703","targetHints":{"allow":["GET"]}}],"collection":[{"href":"https:\/\/www.drdifrancesco.ro\/index.php\/wp-json\/wp\/v2\/pages"}],"about":[{"href":"https:\/\/www.drdifrancesco.ro\/index.php\/wp-json\/wp\/v2\/types\/page"}],"author":[{"embeddable":true,"href":"https:\/\/www.drdifrancesco.ro\/index.php\/wp-json\/wp\/v2\/users\/1"}],"replies":[{"embeddable":true,"href":"https:\/\/www.drdifrancesco.ro\/index.php\/wp-json\/wp\/v2\/comments?post=703"}],"version-history":[{"count":19,"href":"https:\/\/www.drdifrancesco.ro\/index.php\/wp-json\/wp\/v2\/pages\/703\/revisions"}],"predecessor-version":[{"id":255358,"href":"https:\/\/www.drdifrancesco.ro\/index.php\/wp-json\/wp\/v2\/pages\/703\/revisions\/255358"}],"wp:attachment":[{"href":"https:\/\/www.drdifrancesco.ro\/index.php\/wp-json\/wp\/v2\/media?parent=703"}],"curies":[{"name":"wp","href":"https:\/\/api.w.org\/{rel}","templated":true}]}}